{"id":8,"date":"2020-09-27T10:22:34","date_gmt":"2020-09-27T07:22:34","guid":{"rendered":"http:\/\/magusainsiyatifi.org\/?page_id=8"},"modified":"2020-10-03T01:59:16","modified_gmt":"2020-10-02T22:59:16","slug":"iletisim","status":"publish","type":"page","link":"https:\/\/magusainsiyatifi.org\/en\/iletisim\/","title":{"rendered":"Contact Us"},"content":{"rendered":"<p>If you wish to contact the Famagusta Initiative, please directly contact one of us:<\/p>\n<table>\n<tbody>\n<tr>\n<td>Okan Da\u011fl\u0131<\/td>\n<td><a href=\"mailto:dagliokan@gmail.com\">dagliokan@gmail.com<\/a><\/td>\n<\/tr>\n<tr>\n<td>Mertkan Hamit<\/td>\n<td><a href=\"mailto:mhamit@gmail.com\">mhamit@gmail.com<\/a><\/td>\n<\/tr>\n<\/tbody>\n<\/table>","protected":false},"excerpt":{"rendered":"<p>Ma\u011fusa \u0130nsiyatifi ile ileti\u015fime ge\u00e7mek i\u00e7in, bizden birine ula\u015f\u0131n\u0131z: Okan Da\u011fl\u0131 dagliokan@gmail.com Mertkan Hamit mhamit@gmail.com<\/p>","protected":false},"author":1,"featured_media":0,"parent":0,"menu_order":0,"comment_status":"closed","ping_status":"closed","template":"","meta":{"footnotes":""},"class_list":["post-8","page","type-page","status-publish","czr-hentry"],"_links":{"self":[{"href":"https:\/\/magusainsiyatifi.org\/en\/wp-json\/wp\/v2\/pages\/8","targetHints":{"allow":["GET"]}}],"collection":[{"href":"https:\/\/magusainsiyatifi.org\/en\/wp-json\/wp\/v2\/pages"}],"about":[{"href":"https:\/\/magusainsiyatifi.org\/en\/wp-json\/wp\/v2\/types\/page"}],"author":[{"embeddable":true,"href":"https:\/\/magusainsiyatifi.org\/en\/wp-json\/wp\/v2\/users\/1"}],"replies":[{"embeddable":true,"href":"https:\/\/magusainsiyatifi.org\/en\/wp-json\/wp\/v2\/comments?post=8"}],"version-history":[{"count":6,"href":"https:\/\/magusainsiyatifi.org\/en\/wp-json\/wp\/v2\/pages\/8\/revisions"}],"predecessor-version":[{"id":1163,"href":"https:\/\/magusainsiyatifi.org\/en\/wp-json\/wp\/v2\/pages\/8\/revisions\/1163"}],"wp:attachment":[{"href":"https:\/\/magusainsiyatifi.org\/en\/wp-json\/wp\/v2\/media?parent=8"}],"curies":[{"name":"wp","href":"https:\/\/api.w.org\/{rel}","templated":true}]}}