{"id":1229,"date":"2020-10-11T18:56:22","date_gmt":"2020-10-11T15:56:22","guid":{"rendered":"https:\/\/magusainsiyatifi.org\/?page_id=1229"},"modified":"2020-10-11T18:56:22","modified_gmt":"2020-10-11T15:56:22","slug":"magusa-insiyatifi-10-yilinda","status":"publish","type":"page","link":"https:\/\/magusainsiyatifi.org\/en\/magusa-insiyatifi-10-yilinda\/","title":{"rendered":"Famagusta Initiative is 10 years old!"},"content":{"rendered":"<p>Ma\u011fusa \u0130nisiyatifi\u2019nin ya\u015fam buldu\u011fu g\u00fcnden bug\u00fcne tam 10 y\u0131l ge\u00e7ti. \u0130nisiyatifimiz bir kent hareketinin belki de adam\u0131zda ilk \u00f6rne\u011fiydi. Kentin ve adan\u0131n b\u00f6l\u00fcnm\u00fc\u015fl\u00fc\u011f\u00fcne bir ba\u015fkald\u0131r\u0131 olan hareketimiz, bu b\u00f6l\u00fcnm\u00fc\u015fl\u00fc\u011f\u00fcn yaratt\u0131\u011f\u0131 travman\u0131n yan\u0131 s\u0131ra gelecekteki olas\u0131 birle\u015fmenin yarataca\u011f\u0131 dinamikleri de \u00fclke ve d\u00fcnya g\u00fcndemine getirdi. Tabu olan konular\u0131 tart\u0131\u015ft\u0131rd\u0131. Kentin dikenli tellerle ku\u015fat\u0131lm\u0131\u015fl\u0131\u011f\u0131n\u0131, Mara\u015f\u2019\u0131n insans\u0131zla\u015ft\u0131r\u0131lm\u0131\u015f halini, Orta\u00e7a\u011f kentinin terk edilmi\u015fli\u011fini, koskoca bir liman\u0131n \u0131ss\u0131zl\u0131\u011f\u0131n\u0131 kabullenmedi; tepki koydu, konferanslar, toplant\u0131lar, eylemler d\u00fczenleyip alternatifleri g\u00f6sterdi. Kentin kapal\u0131 yollar\u0131n\u0131, a\u00e7\u0131lmaz denen kap\u0131lar\u0131 a\u00e7t\u0131. Kentin \u00e7ok k\u00fclt\u00fcrl\u00fc yap\u0131s\u0131na inand\u0131; her t\u00fcrl\u00fc inanca kentimizde ve \u00fclkemizde sayg\u0131 g\u00f6sterilmesine \u00f6nc\u00fcl\u00fck etti. Adadaki t\u00fcm dinlerin ve k\u00fclt\u00fcrlerin kesi\u015fti\u011fi kent haline gelmesi i\u00e7in yapt\u0131\u011f\u0131 \u00e7al\u0131\u015fmalar d\u00fcnyada yank\u0131 buldu. <\/p>\n<p>Ma\u011fusa \u0130nisiyatifi, \u00fclkemizin birle\u015fmesi ve adam\u0131z\u0131n bar\u0131\u015f adas\u0131 olmas\u0131 i\u00e7in her t\u00fcrl\u00fc dayan\u0131\u015fmay\u0131 g\u00f6stermektedir. Ma\u011fusa\u2019n\u0131n ta\u015f\u0131d\u0131\u011f\u0131 potansiyelle birle\u015fmenin tetikleyicisi olabilece\u011fini savunmaya ve bu y\u00f6nde Ma\u011fusal\u0131 payda\u015flar\u0131yla beraber hareket etmeye devam edece\u011fiz. Ma\u011fusa \u0130nisiyatifi hiyerar\u015fik \u00f6rg\u00fctlenmelerin yerine geni\u015f tabanl\u0131 \u00e7o\u011fulcu yap\u0131s\u0131yla asl\u0131nda t\u00fcm kentin \u00f6rg\u00fct\u00fcd\u00fcr. Buralara sizlerle geldik, vicdan\u0131n ve ger\u00e7eklerin sesi olduk. Ayni yolda sizlerle y\u00fcr\u00fcmeye devam edece\u011fiz.<br \/>\n \u201cKentte Bar\u0131\u015f, Adada Bar\u0131\u015f, D\u00fcnyada Bar\u0131\u015f\u201d<\/p>","protected":false},"excerpt":{"rendered":"<p>Ma\u011fusa \u0130nisiyatifi\u2019nin ya\u015fam buldu\u011fu g\u00fcnden bug\u00fcne tam 10 y\u0131l ge\u00e7ti. \u0130nisiyatifimiz bir kent hareketinin belki de adam\u0131zda ilk \u00f6rne\u011fiydi. Kentin ve adan\u0131n b\u00f6l\u00fcnm\u00fc\u015fl\u00fc\u011f\u00fcne bir ba\u015fkald\u0131r\u0131 olan hareketimiz, bu b\u00f6l\u00fcnm\u00fc\u015fl\u00fc\u011f\u00fcn yaratt\u0131\u011f\u0131 travman\u0131n yan\u0131 s\u0131ra gelecekteki olas\u0131 birle\u015fmenin yarataca\u011f\u0131 dinamikleri de \u00fclke ve d\u00fcnya g\u00fcndemine getirdi. Tabu olan konular\u0131 tart\u0131\u015ft\u0131rd\u0131. Kentin dikenli tellerle ku\u015fat\u0131lm\u0131\u015fl\u0131\u011f\u0131n\u0131, Mara\u015f\u2019\u0131n insans\u0131zla\u015ft\u0131r\u0131lm\u0131\u015f halini, [&hellip;]<\/p>","protected":false},"author":1,"featured_media":0,"parent":0,"menu_order":0,"comment_status":"closed","ping_status":"closed","template":"","meta":{"footnotes":""},"class_list":["post-1229","page","type-page","status-publish","czr-hentry"],"_links":{"self":[{"href":"https:\/\/magusainsiyatifi.org\/en\/wp-json\/wp\/v2\/pages\/1229","targetHints":{"allow":["GET"]}}],"collection":[{"href":"https:\/\/magusainsiyatifi.org\/en\/wp-json\/wp\/v2\/pages"}],"about":[{"href":"https:\/\/magusainsiyatifi.org\/en\/wp-json\/wp\/v2\/types\/page"}],"author":[{"embeddable":true,"href":"https:\/\/magusainsiyatifi.org\/en\/wp-json\/wp\/v2\/users\/1"}],"replies":[{"embeddable":true,"href":"https:\/\/magusainsiyatifi.org\/en\/wp-json\/wp\/v2\/comments?post=1229"}],"version-history":[{"count":2,"href":"https:\/\/magusainsiyatifi.org\/en\/wp-json\/wp\/v2\/pages\/1229\/revisions"}],"predecessor-version":[{"id":1231,"href":"https:\/\/magusainsiyatifi.org\/en\/wp-json\/wp\/v2\/pages\/1229\/revisions\/1231"}],"wp:attachment":[{"href":"https:\/\/magusainsiyatifi.org\/en\/wp-json\/wp\/v2\/media?parent=1229"}],"curies":[{"name":"wp","href":"https:\/\/api.w.org\/{rel}","templated":true}]}}