{"id":1224,"date":"2020-10-11T17:33:15","date_gmt":"2020-10-11T14:33:15","guid":{"rendered":"https:\/\/magusainsiyatifi.org\/?page_id=1224"},"modified":"2020-10-11T17:33:15","modified_gmt":"2020-10-11T14:33:15","slug":"tarihce","status":"publish","type":"page","link":"https:\/\/magusainsiyatifi.org\/en\/tarihce\/","title":{"rendered":"History"},"content":{"rendered":"<p>\u0130nisiyatifin ge\u00e7mi\u015fi 1996 y\u0131l\u0131na kadar dayan\u0131r. Zira, onu olu\u015fturan bireylerin Mara\u015f-Ma\u011fusa Liman\u0131-Suri\u00e7i denklemi ile bilimsel ve metotlu \u00e7al\u0131\u015fmalar yoluyla u\u011fra\u015fmalar\u0131 o tarihten itibaren ba\u015flar.<\/p>\n<p>In 1996-97, Famagusta Municipality hosted Workshops where the Famagusta\u2019s Town Planning was put on debate and the findings from the Working Committee on \u201cSealed Off Section of Varosha\u201d were incorporated with the findings of other Committees in a Final Report.<\/p>\n<p>1998\u2019de ise ev sahipli\u011fini bu kez DA\u00dc Mimarl\u0131k Fak\u00fcltesi \u00fcstlenmi\u015f ve bu y\u00f6ndeki \u00e7al\u0131\u015fmalar Ma\u011fusa Sempozyumu ad\u0131 alt\u0131nda her y\u0131l tekrarlanarak 2007 y\u0131l\u0131na kadar derinle\u015ftirilerek s\u00fcrd\u00fcr\u00fclm\u00fc\u015ft\u00fcr.<\/p>\n<p>Bu y\u0131llara ait \u00e7al\u0131\u015fmalardaki ortak \u00e7arp\u0131c\u0131 payda; kapal\u0131 Mara\u015f b\u00f6lgesinin Ma\u011fusa ile ilgili bir Master Plan olu\u015fturmada, altyap\u0131 hizmetlerinin sunumunda, modern bir ula\u015f\u0131m a\u011f\u0131 planlay\u0131p uygulamada ve halk sa\u011fl\u0131\u011f\u0131 politikalar\u0131n\u0131n ba\u015far\u0131ya ula\u015fmas\u0131nda temel sorun ve tehdit te\u015fkil etti\u011fi \u015feklindedir. Mara\u015f\u2019\u0131n gelece\u011finin belirsizli\u011fini korumas\u0131 ve bu anlamda tutsakl\u0131\u011f\u0131n\u0131n devam\u0131 da Ma\u011fusa b\u00f6lgesindeki birikimli geri kalm\u0131\u015fl\u0131\u011f\u0131n ana sebebi olarak ortaya \u00e7\u0131km\u0131\u015ft\u0131r.<\/p>\n<p>Yine 2007 y\u0131l\u0131nda \u0130nsiyatif\u2019in baz\u0131 \u00fcyeleri G\u00fcney\u2019deki Ma\u011fusa M\u00fclteci Hareketi ile diyalog ve i\u015f birli\u011fi i\u00e7erisinde ve UNDP\u2019nin de katk\u0131lar\u0131yla \u201cRevival of Famagusta\u201d yani \u201cMa\u011fusa\u2019n\u0131n Yeniden Canland\u0131r\u0131lmas\u0131\u201d isimli iki toplumlu projeyi hayata ge\u00e7irmi\u015ftir. Proje yakla\u015f\u0131k bir bu\u00e7uk y\u0131l s\u00fcrm\u00fc\u015f, bu s\u00fcrede pek \u00e7ok \u00e7al\u0131\u015ftay ve de\u011ferlendirme toplant\u0131lar\u0131 yap\u0131lm\u0131\u015f ve elde edilen t\u00fcm veriler kitap haline getirilerek kamuoyu ile payla\u015f\u0131lm\u0131\u015ft\u0131r.<\/p>\n<p>B\u00f6l\u00fcnm\u00fc\u015f kentimizin yeniden birle\u015ftirilmesi halinde neler yap\u0131labilece\u011fi ile ilgili ortak bir vizyon belirlemeyi ama\u00e7layan proje mevcut sorunlar\u0131 tespit etmekle i\u015fe ba\u015flam\u0131\u015f, sonras\u0131nda bu sorunlara alternatif \u00e7\u00f6z\u00fcm yollar\u0131 \u00fcretmi\u015f ve ideal diye nitelenebilecek yeni bir kent modeli olu\u015fturmaya \u00e7al\u0131\u015farak bunun t\u00fcm K\u0131br\u0131s\u2019\u0131 yeniden birle\u015ftirebilmedeki rol\u00fcn\u00fc sorgulam\u0131\u015f ve en nihayette de ortak bir hareket plan\u0131 \u00f6nererek projeyi sonu\u00e7land\u0131rm\u0131\u015ft\u0131r.<\/p>\n<p>Temmuz 2007\u2019de ayn\u0131 grup, iki toplumdan ilerici sivil toplum \u00f6rg\u00fctlerinin de yer ald\u0131\u011f\u0131 bir etkinlikte \u201cMara\u015f\u2019\u0131 da Kapsayacak Ma\u011fusa\u2019n\u0131n Yeniden Birle\u015ftirilmesi \u00d6nerisi\u201d isimli bir bildiriyi Palm Beach Hotel sahilindeki dikenli teller \u00f6n\u00fcnde okuyarak medya kanal\u0131yla t\u00fcm d\u00fcnyaya duyurmu\u015ftur. Etkinli\u011fe Avrupa-Akdeniz \u0130nsan Haklar\u0131 A\u011f\u0131 (EMHRN) \u00fcyesi olan, de\u011fi\u015fik \u00fclkelerden 60\u2019a yak\u0131n gen\u00e7 insan haklar\u0131 aktivisti de kat\u0131larak, bildiriye destek beyan etmi\u015ftir.<\/p>\n<p>Toplumlararas\u0131 g\u00f6r\u00fc\u015fmelerde K\u0131br\u0131s Sorununa b\u00fct\u00fcnl\u00fckl\u00fc \u00e7\u00f6z\u00fcm bulma \u00e7abalar\u0131n\u0131n sonu\u00e7lanamayan bir s\u00fcrece d\u00f6n\u00fc\u015fmesi Ma\u011fusa \u0130nsiyatifi\u2019ni inisiyatif kimli\u011fini de kullanarak b\u00f6lgede siville\u015fme ile \u00f6zg\u00fcrl\u00fck m\u00fccadelesi y\u00fcr\u00fctmeye sevk etmi\u015ftir. Bundan hareketle, \u0130nsiyatifi olu\u015fturan bireyler bu kez daha geni\u015f halk deste\u011fini de arkalar\u0131na alarak Ekim 2010\u2019da kamuoyunda \u201cMara\u015f-Ma\u011fusa A\u00e7\u0131l\u0131m Paketi Deklarasyonu\u201d diye bilinen fikirler manzumesini yay\u0131nlam\u0131\u015flard\u0131r. Deklarasyonda yaz\u0131lanlar, \u00f6zelde Ma\u011fusa b\u00f6lgesinde ya\u015fayan insanlar aras\u0131nda, genelde ise t\u00fcm \u00fclke \u00e7ap\u0131nda b\u00fcy\u00fck yank\u0131 uyand\u0131rm\u0131\u015f, Ma\u011fusa\u2019da \u201csokaktaki insan\u201d diye tan\u0131mlayabilece\u011fimiz insanlar\u0131n duygu ve d\u00fc\u015f\u00fcncelerine terc\u00fcman olmu\u015f ve bizzat onlar taraf\u0131ndan sahiplenilerek topluma mal olmu\u015ftur. 2011 y\u0131l\u0131nda \u2018\u00c7\u00f6z\u00fcm i\u00e7in ilk Ad\u0131m: Ma\u011fusa-Mara\u015f\u2019 isimli deklarasyonun devam\u0131 niteli\u011findeki belge imzaya a\u00e7\u0131lm\u0131\u015f ve b\u00fcy\u00fck destek toplam\u0131\u015ft\u0131r. Bu giri\u015fim, siyaset\u00e7ilerin s\u00fcregelen klasik s\u00f6ylemlere dayal\u0131 ezberini bozarak, alternatif bir siyasi bak\u0131\u015f ve yeni bir dinamik yaratm\u0131\u015ft\u0131r.<\/p>\n<p>Ma\u011fusa \u0130nisiyatifi kentin geli\u015fimi, korunmas\u0131 ve kalk\u0131nmas\u0131na y\u00f6nelik faaliyetlerini ba\u011flant\u0131l\u0131 iki eksen \u00fczerinde geli\u015ftirmeye devam etmektedir.  Bunlardan ilki toplumlar aras\u0131 yak\u0131nla\u015fma ve kentin b\u00fct\u00fcnc\u00fcl geli\u015fimini kurgulayarak toplumsal bar\u0131\u015fa ula\u015fma y\u00f6n\u00fcndeki faaliyetler; ikincisi ise kentin yerel problemlerini g\u00fcndeme getirerek kamuoyu deste\u011fi yaratma ve \u00e7\u00f6z\u00fcm aray\u0131\u015flar\u0131na katk\u0131da bulunmakt\u0131r.<\/p>\n<p>\u0130nisiyatif aktivistleri toplunlar aras\u0131 yak\u0131nla\u015fma ve g\u00fcven olu\u015fumuna y\u00f6nelik insanlar\u0131n g\u00fcnl\u00fck hayat\u0131n\u0131 etkileyecek ve iki toplumun i\u015fbirli\u011fini sa\u011flayacak \u00e7e\u015fitli etkinlikleri g\u00fcneydeki payda\u015flar\u0131 ile birlikte d\u00fczenlemi\u015flerdir. Bunlar aras\u0131nda 2014 y\u0131l\u0131nda Ma\u011fusa Suri\u00e7inde d\u00fczenlenen \u2018Good Friday\u2019 etkinli\u011fi, 2015 y\u0131l\u0131nda Palm Beach sahilinde d\u00fczenlenen \u2018Kumdaki Portakallar\u2019 etkinli\u011fi, Kataklismos (Deniz Panay\u0131r\u0131) etkinli\u011fi \u00f6ne \u00e7\u0131kar. \u0130nisiyatif 2015 y\u0131l\u0131ndan itibaren liderlere ve siyasi y\u00f6netime Derinya kap\u0131s\u0131n\u0131n a\u00e7\u0131l\u0131m\u0131 ile ilgili \u00e7a\u011fr\u0131da bulunmu\u015f, Derinya kap\u0131s\u0131n\u0131n iki taraf\u0131nda iki toplumlu eylemler ve a\u00e7\u0131klamalar ile konuyu yerel ve uluslararas\u0131 alanda g\u00fcndemde tutmu\u015ftur. May\u0131s 2015 Derinya kap\u0131s\u0131 eylemi hem Ye\u015fil Hatt\u0131n iki taraf\u0131ndaki Ma\u011fusal\u0131 halk\u0131n y\u00fcksek kat\u0131l\u0131m\u0131 hem de iki toplumun belediye ba\u015fkanlar\u0131n\u0131n kat\u0131l\u0131m\u0131 ile d\u00fczenlenmi\u015f ve b\u00fcy\u00fck ses getirmi\u015ftir. Ma\u011fusa \u0130nisiyatifi, Ma\u011fusa\u2019y\u0131 b\u00fct\u00fcnc\u00fcl d\u00fc\u015f\u00fcnmemizi sa\u011flayan ve ayn\u0131 zamanda da yerel ekonominin geli\u015fmesine ve kentteki g\u00fcnl\u00fck hayata birebir etkisi olan Derinya kap\u0131s\u0131n\u0131n a\u00e7\u0131lmas\u0131nda b\u00fcy\u00fck rol oynam\u0131\u015ft\u0131r.<\/p>\n<p>\u0130nisiyatif bunlar\u0131n yan\u0131nda b\u00fcnyesindeki \u00e7ok y\u00f6nl\u00fc aktivistlerin katk\u0131s\u0131 ile kentin s\u00fcrd\u00fcr\u00fclebilir ve adil geli\u015fimi i\u00e7in \u00e7al\u0131\u015fmaktad\u0131r. Bu y\u00f6nde, Ma\u011fusa \u0130mar Plan\u0131 s\u00fcrecinde hem aktivistlerimiz s\u00fcre\u00e7lere katk\u0131da bulunmu\u015f hem de tart\u0131\u015fmal\u0131 konular g\u00fcndemde tutularak halk deste\u011fi sa\u011flanm\u0131\u015ft\u0131r. Ma\u011fusa\u2019ya turizm, liman ve e\u011fitim alan\u0131nda yeni yollar a\u00e7mak yan\u0131nda kentin \u00e7ok katmanl\u0131 ve g\u00f6rkemli ge\u00e7mi\u015fi ile ba\u011f kurarak geli\u015fmesine katk\u0131 koymak bu \u00e7al\u0131\u015fmalar\u0131n ama\u00e7lar\u0131 aras\u0131ndad\u0131r. \u0130nsiyatif uzun s\u00fcredir Ma\u011fusa Suri\u00e7i\u2019nin UNESCO K\u00fclt\u00fcrel Miras listesine girmesi i\u00e7in faaliyetlerde bulunmaktad\u0131r. Tarihi Ma\u011fusa Suri\u00e7i\u2019nin t\u00fcm k\u00fclt\u00fcrel miras eserleri ile birlikte korunmas\u0131 ve restorasyonu ile ilgili konularda da Ma\u011fusa \u0130nsiyatifi aktivistleri uzmanlar ve teknik komiteler ile i\u015f birli\u011fi i\u00e7erisinde aktif rol almaktad\u0131rlar. <\/p>\n<p>\u00c7evre ve kent dokusunun tahribat\u0131ndan sonra kaybedilen de\u011ferin yerine getirilmeye \u00e7al\u0131\u015f\u0131lmas\u0131n\u0131n anlams\u0131z oldu\u011funun bilinciyle \u0130nsiyatif bir\u00e7ok \u00e7evre olay\u0131 kar\u015f\u0131s\u0131nda net tavr\u0131n\u0131 ortaya koyan bas\u0131n a\u00e7\u0131klamalar\u0131 ve eylemler yapm\u0131\u015f Ma\u011fusa Kenti \u00c7evre Platformuna dahil olmu\u015ftur. <\/p>","protected":false},"excerpt":{"rendered":"<p>\u0130nisiyatifin ge\u00e7mi\u015fi 1996 y\u0131l\u0131na kadar dayan\u0131r. Zira, onu olu\u015fturan bireylerin Mara\u015f-Ma\u011fusa Liman\u0131-Suri\u00e7i denklemi ile bilimsel ve metotlu \u00e7al\u0131\u015fmalar yoluyla u\u011fra\u015fmalar\u0131 o tarihten itibaren ba\u015flar. 1996 ve 1997 y\u0131llar\u0131nda, Ma\u011fusa \u0130mar Plan\u0131\u2019n\u0131 tart\u0131\u015ft\u0131rmak \u00fczere Ma\u011fusa Belediyesi\u2019nin ev sahipli\u011fi yapt\u0131\u011f\u0131 \u00e7al\u0131\u015ftaylarda, kapal\u0131 Mara\u015f b\u00f6lgesi i\u00e7in ayr\u0131 \u00e7al\u0131\u015fma grubu olu\u015fturulmu\u015f ve di\u011fer \u00e7al\u0131\u015fma gruplar\u0131n\u0131n bulgular\u0131 ile birle\u015ftirilerek rapor [&hellip;]<\/p>","protected":false},"author":1,"featured_media":0,"parent":0,"menu_order":0,"comment_status":"closed","ping_status":"closed","template":"","meta":{"footnotes":""},"class_list":["post-1224","page","type-page","status-publish","czr-hentry"],"_links":{"self":[{"href":"https:\/\/magusainsiyatifi.org\/en\/wp-json\/wp\/v2\/pages\/1224","targetHints":{"allow":["GET"]}}],"collection":[{"href":"https:\/\/magusainsiyatifi.org\/en\/wp-json\/wp\/v2\/pages"}],"about":[{"href":"https:\/\/magusainsiyatifi.org\/en\/wp-json\/wp\/v2\/types\/page"}],"author":[{"embeddable":true,"href":"https:\/\/magusainsiyatifi.org\/en\/wp-json\/wp\/v2\/users\/1"}],"replies":[{"embeddable":true,"href":"https:\/\/magusainsiyatifi.org\/en\/wp-json\/wp\/v2\/comments?post=1224"}],"version-history":[{"count":1,"href":"https:\/\/magusainsiyatifi.org\/en\/wp-json\/wp\/v2\/pages\/1224\/revisions"}],"predecessor-version":[{"id":1225,"href":"https:\/\/magusainsiyatifi.org\/en\/wp-json\/wp\/v2\/pages\/1224\/revisions\/1225"}],"wp:attachment":[{"href":"https:\/\/magusainsiyatifi.org\/en\/wp-json\/wp\/v2\/media?parent=1224"}],"curies":[{"name":"wp","href":"https:\/\/api.w.org\/{rel}","templated":true}]}}