{"id":1220,"date":"2020-10-11T17:28:59","date_gmt":"2020-10-11T14:28:59","guid":{"rendered":"https:\/\/magusainsiyatifi.org\/?page_id=1220"},"modified":"2020-10-11T17:31:34","modified_gmt":"2020-10-11T14:31:34","slug":"hakkimizda","status":"publish","type":"page","link":"https:\/\/magusainsiyatifi.org\/en\/hakkimizda\/","title":{"rendered":"About Us"},"content":{"rendered":"<p>Ma\u011fusa \u0130nsiyatifi, 2009 y\u0131l\u0131nda Ma\u011fusa \u00f6zelinde ba\u015flayan kent savunmas\u0131 m\u00fccadelesini, \u00f6zellikle sosyo-ekonomik s\u00fcrd\u00fcr\u00fclebilirlik, k\u00fclt\u00fcrel miras\u0131n ve ekolojik dengenin korunmas\u0131 ile demokratik kent yap\u0131la\u015fmas\u0131na odaklanarak ada geneline yayan kent hareketidir. \u0130nsiyatif kurumsal bir yap\u0131ya b\u00fcr\u00fcnmek yerine \u00e7o\u011fulcu bir yakla\u015f\u0131mla ve farkl\u0131 meslek ve uzmanl\u0131k alanlar\u0131na mensup bireylerin kat\u0131l\u0131m\u0131 ile \u00f6rg\u00fctlenmi\u015ftir. 11 Ekim 2010 tarihli Ma\u011fusa Mara\u015f a\u00e7\u0131l\u0131m\u0131 bildirisi ile birlikte \u0130nisiyatif, Mara\u015f\u2019\u0131n BM parametrelerine uygun bir s\u00fcre\u00e7 ile Ma\u011fusa ile birle\u015fmesi ve K\u0131br\u0131s sorununun \u00e7\u00f6z\u00fcm\u00fcne yerel bir \u00f6rnek olu\u015fturulmas\u0131 fikrini savunmu\u015ftur. Ma\u011fusa \u0130nsiyatifi\u2019nin \u00e7ok y\u00f6nl\u00fc faaliyet da\u011farc\u0131\u011f\u0131 aras\u0131nda \u00e7evre ve imar konular\u0131nda s\u00f6ylemler \u00fcretmek, kent hakk\u0131 i\u00e7in m\u00fccadele vermek \u00f6nemli yer te\u015fkil eder. \u0130nisiyatif kentin yap\u0131la\u015fmas\u0131n\u0131n adil planlanmas\u0131; su, yol, kanalizasyon gibi altyap\u0131 sorunlar\u0131n\u0131n g\u00fcndeme getirilmesi ve \u00e7\u00f6z\u00fcm\u00fcne y\u00f6nelik destek sa\u011flanmas\u0131; ekolojik ve k\u00fclt\u00fcrel de\u011ferlerinin korunmas\u0131; kentin k\u00fclt\u00fcrel miras, \u00fcniversite ve liman gibi de\u011ferlerinin geli\u015ftirilmesi ve s\u00fcrd\u00fcr\u00fclebilir ekonomik yap\u0131ya kavu\u015fmas\u0131; kent y\u00f6netiminin uygulamalar\u0131n\u0131n sorgulanmas\u0131 gibi konularda faaliyetlerine devam etmektedir.<\/p>\n<p>Bir kent hareketinin adadaki ilk \u00f6rne\u011fi ve \u00f6nc\u00fcs\u00fc durumundaki Ma\u011fusa \u0130nisiyatifi, bir\u00e7ok kent ve b\u00f6lge inisiyatifinin kurulmas\u0131nda da rol oynam\u0131\u015ft\u0131r. <\/p>","protected":false},"excerpt":{"rendered":"<p>Ma\u011fusa \u0130nsiyatifi, 2009 y\u0131l\u0131nda Ma\u011fusa \u00f6zelinde ba\u015flayan kent savunmas\u0131 m\u00fccadelesini, \u00f6zellikle sosyo-ekonomik s\u00fcrd\u00fcr\u00fclebilirlik, k\u00fclt\u00fcrel miras\u0131n ve ekolojik dengenin korunmas\u0131 ile demokratik kent yap\u0131la\u015fmas\u0131na odaklanarak ada geneline yayan kent hareketidir. \u0130nsiyatif kurumsal bir yap\u0131ya b\u00fcr\u00fcnmek yerine \u00e7o\u011fulcu bir yakla\u015f\u0131mla ve farkl\u0131 meslek ve uzmanl\u0131k alanlar\u0131na mensup bireylerin kat\u0131l\u0131m\u0131 ile \u00f6rg\u00fctlenmi\u015ftir. 11 Ekim 2010 tarihli Ma\u011fusa Mara\u015f [&hellip;]<\/p>","protected":false},"author":1,"featured_media":0,"parent":0,"menu_order":0,"comment_status":"closed","ping_status":"closed","template":"","meta":{"footnotes":""},"class_list":["post-1220","page","type-page","status-publish","czr-hentry"],"_links":{"self":[{"href":"https:\/\/magusainsiyatifi.org\/en\/wp-json\/wp\/v2\/pages\/1220","targetHints":{"allow":["GET"]}}],"collection":[{"href":"https:\/\/magusainsiyatifi.org\/en\/wp-json\/wp\/v2\/pages"}],"about":[{"href":"https:\/\/magusainsiyatifi.org\/en\/wp-json\/wp\/v2\/types\/page"}],"author":[{"embeddable":true,"href":"https:\/\/magusainsiyatifi.org\/en\/wp-json\/wp\/v2\/users\/1"}],"replies":[{"embeddable":true,"href":"https:\/\/magusainsiyatifi.org\/en\/wp-json\/wp\/v2\/comments?post=1220"}],"version-history":[{"count":2,"href":"https:\/\/magusainsiyatifi.org\/en\/wp-json\/wp\/v2\/pages\/1220\/revisions"}],"predecessor-version":[{"id":1223,"href":"https:\/\/magusainsiyatifi.org\/en\/wp-json\/wp\/v2\/pages\/1220\/revisions\/1223"}],"wp:attachment":[{"href":"https:\/\/magusainsiyatifi.org\/en\/wp-json\/wp\/v2\/media?parent=1220"}],"curies":[{"name":"wp","href":"https:\/\/api.w.org\/{rel}","templated":true}]}}