{"id":1127,"date":"2010-10-11T16:22:24","date_gmt":"2010-10-11T13:22:24","guid":{"rendered":"https:\/\/magusainsiyatifi.org\/?page_id=1127"},"modified":"2020-10-02T16:25:11","modified_gmt":"2020-10-02T13:25:11","slug":"kurulus-deklarasyonu","status":"publish","type":"page","link":"https:\/\/magusainsiyatifi.org\/en\/kurulus-deklarasyonu\/","title":{"rendered":"Founding Declaration"},"content":{"rendered":"<p class=\"western\" lang=\"tr-TR\" align=\"center\"><u><b>Mara\u015f-Ma\u011fusa A\u00e7\u0131l\u0131m Paketi Deklarasyonu<\/b><\/u><\/p>\n<p class=\"western\" lang=\"tr-TR\" align=\"justify\">Mara\u015f, g\u00f6r\u00fcnt\u00fcs\u00fcyle Hollywood film st\u00fcdyolar\u0131n\u0131n KORKU filmi setlerindeki yerle\u015fimleri and\u0131ran bir \u015fehir. \u201cHayalet \u015eehir\u201d de diyorlar oraya. Esarete yenik d\u00fc\u015fm\u00fc\u015f, \u00fcrk\u00fct\u00fcc\u00fc ve depresif bir atmosfere sahip, sa\u011fl\u0131kl\u0131 bir gelece\u011fe ili\u015fkin umudu yok eden bir yer. \u201cB\u00fct\u00fcnl\u00fckl\u00fc \u00e7\u00f6z\u00fcm\u00fcn par\u00e7as\u0131d\u0131r\u201d diyenler var. Halbuki oras\u0131 ikiye b\u00f6l\u00fcnm\u00fc\u015f kalbimizin ve Ma\u011fusam\u0131z\u0131n bir par\u00e7as\u0131d\u0131r. Sava\u015flara tutsak edilmeyen, edilemeyen ve bunca y\u0131ld\u0131r susturulmaya \u00e7al\u0131\u015f\u0131lan kalbimizin!<\/p>\n<p class=\"western\" lang=\"tr-TR\" align=\"justify\">Ma\u011fusa insan\u0131, 1974\u2019ten \u00f6nce sahip oldu\u011fu pek \u00e7ok ekonomik ve sosyo-k\u00fclt\u00fcrel de\u011feri b\u00f6l\u00fcnm\u00fc\u015fl\u00fckten dolay\u0131 yitirmi\u015f, \u00e7a\u011fda\u015f bir Master Plan\u2019dan halen yoksun, denizle olan organik ba\u011f\u0131 kesik ve 74\u2019 \u00f6ncesindeki renkli ve \u0131\u015f\u0131lt\u0131l\u0131 g\u00fcnleri \u00f6zlemle anar ve arar haldedir.<\/p>\n<p class=\"western\" lang=\"tr-TR\" align=\"justify\">Mara\u015f kapal\u0131 alan\u0131, y\u00fcz\u00f6l\u00e7\u00fcm\u00fc olarak 6.4 km. karelik bir yer kaplamaktad\u0131r. 36 y\u0131l boyunca Pandora\u2019n\u0131n Kutusu gibi kapal\u0131 tutuldu\u011fundan orada farkl\u0131 bir ekosistem olu\u015fmu\u015f, b\u00f6lgeyi ara konak olarak kullanan ve bula\u015f\u0131c\u0131 hastal\u0131k ta\u015f\u0131yan hayvanlar y\u00fcz\u00fcnden Ma\u011fusa b\u00f6lgesindeki halk sa\u011fl\u0131\u011f\u0131 ciddi tehditlerle kar\u015f\u0131 kar\u015f\u0131ya kalm\u0131\u015ft\u0131r.<\/p>\n<p class=\"western\" lang=\"tr-TR\" align=\"justify\">Resmi rakamlarla de\u011ferlendirmek gerekirse, 1973 n\u00fcfus say\u0131m\u0131na g\u00f6re Mara\u015f\u2019\u0131n n\u00fcfusu 15,000 ki\u015fiydi ve yine 73\u2019 verileri dikkate al\u0131nd\u0131\u011f\u0131nda 37 listelenmi\u015f otelinde 6302 yatak kapasitesine, otel apartmanlar da dahil edildi\u011finde yakla\u015f\u0131k 10,000 yatak kapasitesine sahipti.<\/p>\n<p class=\"western\" lang=\"tr-TR\" align=\"justify\">Ocak-Haziran 1974 d\u00f6neminde ada genelinde ger\u00e7ekle\u015fen toplam 1,334,490 turistik konaklamadan 713,455\u2019i yani % 53\u2019\u00fc Ma\u011fusa b\u00f6lgesinde ger\u00e7ekle\u015fmi\u015fti.<\/p>\n<p class=\"western\" lang=\"tr-TR\" align=\"justify\">1974 y\u0131l\u0131nda t\u00fcm T\u00fcrkiye genelindeki turistik yatak kapasitesi toplamda 10,000\u2019in alt\u0131nda idi. G\u00fcn\u00fcm\u00fczde ancak 36 y\u0131l sonra ula\u015fabildi\u011fimiz KKTC genelindeki turistik yatak kapasitesi toplam 16,597\u2019dir.<\/p>\n<p class=\"western\" lang=\"tr-TR\" align=\"justify\">Ocak-Haziran 2010 d\u00f6neminde KKTC genelinde ger\u00e7ekle\u015fen 680,347 turistik konaklamadan yaln\u0131zca 49,785\u2019i yani %7\u2019si Ma\u011fusa b\u00f6lgesinde ger\u00e7ekle\u015fmi\u015ftir. Ada genelinde %53 paydan, adan\u0131n sadece kuzeyini kapsayan turizm hareketi i\u00e7erisinde % 7 gibi hazin bir rakama d\u00fc\u015ft\u00fckten sonra, ada genelindeki turizm pay\u0131m\u0131z\u0131n ne oldu\u011funu duymaya hangi Ma\u011fusal\u0131\u2019n\u0131n y\u00fcre\u011fi dayan\u0131r?<\/p>\n<p class=\"western\" lang=\"tr-TR\" align=\"justify\">1973\u2019te K\u0131br\u0131s limanlar\u0131na u\u011frayan toplam 2,929 geminin 1,810\u2019u Ma\u011fusa liman\u0131n\u0131 kullanm\u0131\u015ft\u0131r. O y\u0131lki toplam 3,269,644 tonluk i\u015flem hacminin 1,505,089 tonluk k\u0131sm\u0131, yani<\/p>\n<p class=\"western\" lang=\"tr-TR\" align=\"justify\">% 46\u2019s\u0131 Ma\u011fusa liman\u0131nda ger\u00e7ekle\u015fmi\u015ftir.<\/p>\n<p class=\"western\" lang=\"tr-TR\" align=\"justify\">2008 y\u00fck ta\u015f\u0131ma istatistiklerine bakt\u0131\u011f\u0131m\u0131zda, KKTC limanlar\u0131na toplam 2,818 gemi u\u011fram\u0131\u015f, bunlar\u0131n 1,424\u2019\u00fc Ma\u011fusa liman\u0131n\u0131 kullanm\u0131\u015ft\u0131r. O y\u0131l KKTC limanlar\u0131ndaki toplam i\u015flem hacmi 2,276,086 ton olarak ger\u00e7ekle\u015fmi\u015ftir. K\u0131br\u0131s Cumhuriyeti limanlar\u0131na ise 2008\u2019de 4,052 gemi u\u011fram\u0131\u015f, bu gemilerin g\u00fcney limanlar\u0131ndaki toplam i\u015flem hacmi 22,359,142 ton olarak ger\u00e7ekle\u015fmi\u015ftir. 2008\u2019de t\u00fcm ada genelindeki limanlara ait i\u015flem hacminin toplam\u0131n\u0131 al\u0131rsak 24,635,228 tonluk bir rakama ula\u015f\u0131r\u0131z. Ma\u011fusa liman\u0131n\u0131n ayn\u0131 y\u0131l i\u00e7erisinde ger\u00e7ekle\u015fen i\u015flem hacmi olan 1,149,346 tonu da bu rakama b\u00f6lersek % 4.6\u2019l\u0131k bir pay elde ederiz. Gemiyle y\u00fck ta\u015f\u0131mac\u0131l\u0131\u011f\u0131nda % 46\u2019dan y\u00fczde % 4.6\u2019ya, adeta yere \u00e7ak\u0131l\u0131rcas\u0131na ger\u00e7ekle\u015fen bu d\u00fc\u015f\u00fc\u015f\u00fc, kim hazmedebilir ki?<\/p>\n<p class=\"western\" lang=\"tr-TR\" align=\"justify\">Bu rakamlardan hareketle, 36 y\u0131ld\u0131r Mara\u015f\u2019\u0131n at\u0131l halde tutulmas\u0131ndan birinci derecede maddi-manevi kayba u\u011frayan ve b\u00fcy\u00fck yoksunluk ya\u015fayanlar, esasen K\u0131br\u0131sl\u0131 T\u00fcrk ya da K\u0131br\u0131sl\u0131 Rum; Ma\u011fusal\u0131lard\u0131r.<\/p>\n<p class=\"western\" lang=\"tr-TR\" align=\"justify\">Mara\u015f\u2019\u0131n bug\u00fcn i\u00e7in yeniden imar\u0131na y\u00f6nelik yap\u0131lan hesaplamalar, asgari 2 milyar Euro\u2019luk bir yat\u0131r\u0131m maliyetine i\u015faret etmektedir. Bu pastadan K\u0131br\u0131sl\u0131 T\u00fcrk veya T\u00fcrkiye k\u00f6kenli firmalar\u0131n m\u00fcteahhit olarak do\u011frudan, ya da ta\u015feron olarak dolayl\u0131 yoldan kazan\u00e7 sa\u011flamalar\u0131, kar\u015f\u0131 tarafla m\u00fczakereye a\u00e7\u0131k bir konudur. Mara\u015f\u2019\u0131n imar\u0131n\u0131 m\u00fcteakip ise, Ma\u011fusa b\u00f6lgesindeki istihdamda, i\u015f hacminde, mal ve hizmet al\u0131mlar\u0131nda patlama ya\u015fanmas\u0131 ve s\u00fcrd\u00fcr\u00fclebilir kalk\u0131nma ivmesinin yakalanmas\u0131 ka\u00e7\u0131n\u0131lmazd\u0131r.<\/p>\n<p class=\"western\" lang=\"tr-TR\" align=\"justify\">B\u00fct\u00fcnl\u00fckl\u00fc \u00e7\u00f6z\u00fcm\u00fc beklemeksizin, Mara\u015f\u2019\u0131n BM g\u00f6zetiminde yasal sahiplerine iadesi hususunda, 19 May\u0131s 1979\u2019daki Denkta\u015f-Kipriyanu aras\u0131nda imza edilen \u201c10 Point Agreement\u201d ten ba\u015flayarak say\u0131s\u0131z BM G\u00fcvenlik Konseyi karar\u0131 mevcuttur.<\/p>\n<p class=\"western\" lang=\"tr-TR\" align=\"justify\">Yine son d\u00f6nemde, A\u0130HM taraf\u0131ndan i\u00e7 hukuk yolu olarak kabul g\u00f6r\u00fcp \u00e7al\u0131\u015fma prensipleri onaylanan KKTC Mal Tazmin Komisyonu\u2019nun, stat\u00fcs\u00fcn\u00fcn tan\u0131nmas\u0131ndaki en temel etkenlerden birisi de, bo\u015f tutulan K\u0131br\u0131sl\u0131 Rum m\u00fclklerinin yasal sahiplerine geri iadesinin, KKTC makamlar\u0131nca kab\u00fcl ve taahh\u00fct edilmesidir.<\/p>\n<p class=\"western\" lang=\"tr-TR\" align=\"justify\">K\u0131saca, hem evrensel hukuka uyum hem de ekonomik ak\u0131l Mara\u015f\u2019\u0131n daha fazla zaman kaybetmeden ya\u015fama kazand\u0131r\u0131lmas\u0131n\u0131 gerekli k\u0131lmaktad\u0131r.<\/p>\n<p class=\"western\" lang=\"tr-TR\" align=\"justify\">Mara\u015f\u2019la ilgili bir giri\u015fim, Ma\u011fusa liman\u0131n\u0131n AB kontrol\u00fcnde uluslararas\u0131 deniz trafi\u011fine a\u00e7\u0131lmas\u0131n\u0131, dolay\u0131s\u0131yle; y\u00fck ta\u015f\u0131mac\u0131l\u0131\u011f\u0131ndaki performans\u0131m\u0131z\u0131n katlanmas\u0131n\u0131, yabanc\u0131 cruise ve yolcu gemilerinin Ma\u011fusa liman\u0131n\u0131 serbest\u00e7e ziyaretini de kapsayacakt\u0131r. \u015eu an \u00e7eyrek kapasitede \u00e7al\u0131\u015fan liman\u0131m\u0131z canlanacak, daha da \u00f6nemlisi; \u00f6l\u00fc kapasitede \u00e7al\u0131\u015fan Ma\u011fusa Suri\u00e7i ve Ma\u011fusa\u2019n\u0131n di\u011fer b\u00f6lgelerine d\u00fczenli turist ak\u0131\u015f\u0131 ve y\u00fcksek getiri sa\u011flanacakt\u0131r. Ma\u011fusa liman\u0131n\u0131n AB g\u00f6zetiminde faaliyete ba\u015flamas\u0131, T\u00fcrkiye\u2019nin kendi limanlar\u0131yla alakal\u0131 olarak Rum band\u0131ral\u0131 gemilere uygulad\u0131\u011f\u0131 yasa\u011f\u0131 da g\u00f6zden ge\u00e7irmesine yard\u0131mc\u0131 olacaktur.<\/p>\n<p class=\"western\" lang=\"tr-TR\" align=\"justify\">Son olarak Mara\u015f\u2019\u0131n a\u00e7\u0131lmas\u0131na y\u00f6nelik bir hamle, Ma\u011fusa Suri\u00e7i\u2019ndeki tarihi ve k\u00fclt\u00fcrel varl\u0131klar\u0131n uzman yabanc\u0131 kurumlarca restorasyonunu ve koruma alt\u0131na al\u0131narak UNESCO\u2019nun D\u00fcnya K\u00fclt\u00fcr Miras\u0131 listesine dahil edilmesini de nihayet m\u00fcmk\u00fcn k\u0131lacakt\u0131r.<\/p>\n<p class=\"western\" lang=\"tr-TR\" align=\"justify\">Y\u0131llard\u0131r savunageldi\u011fimiz ve yukar\u0131da s\u00f6z\u00fcn\u00fc etti\u011fimiz, 3 farkl\u0131 ama paralel unsuru b\u00fcnyesinde bar\u0131nd\u0131ran bir b\u00f6lgesel a\u00e7\u0131l\u0131m paketinin, her iki taraf aras\u0131nda g\u00f6r\u00fc\u015f\u00fclmeye ba\u015flanmas\u0131, b\u00f6lge halk\u0131n\u0131 tatmin edecek ve \u00f6n\u00fcm\u00fczde yeni ufuklar a\u00e7acak bir potansiyel ta\u015f\u0131maktad\u0131r.<\/p>\n<p class=\"western\" lang=\"tr-TR\" align=\"justify\">B\u00f6ylesi bir paketin uygulanmaya konmas\u0131, uluslararas\u0131 kamuoyunda T\u00fcrkiye\u2019ye kar\u015f\u0131 g\u00fcn ge\u00e7tik\u00e7e artan sempati ve sayg\u0131nl\u0131\u011fa katk\u0131 koyacak, T\u00fcrkiye\u2019nin AB\u2019ye tam \u00fcyelik i\u00e7in m\u00fczakere ba\u015fl\u0131klar\u0131n\u0131n a\u00e7\u0131lmas\u0131 s\u00fcrecini h\u0131zland\u0131racak ve K\u0131br\u0131s\u2019ta b\u00fct\u00fcnl\u00fckl\u00fc \u00e7\u00f6z\u00fcm i\u00e7in sinerji yaratan bir kataliz\u00f6r etkisi olu\u015fturacakt\u0131r.<\/p>\n<p class=\"western\" lang=\"tr-TR\" align=\"justify\">\u0130\u015fte bizler t\u00fcm bu sebeplerden \u00f6t\u00fcr\u00fc, a\u015fa\u011f\u0131da ismi yaz\u0131l\u0131 bireyler ve kurulu\u015flar olarak, bahse konu a\u00e7\u0131l\u0131m paketi konusunda taraflarca derhal ad\u0131m at\u0131lmas\u0131n\u0131 talep eder, \u201cHayalet \u015eehir\u201d i art\u0131k ete kemi\u011fe b\u00fcr\u00fcnd\u00fcrme vaktinin geldi\u011fini vurgular, hassasiyetlerimizi payla\u015fan herkesi Deklarasyonumuza destek olarak imza koymaya davet ederiz.<\/p>\n<p class=\"western\" lang=\"tr-TR\" align=\"justify\">11 Ekim 2010, Ma\u011fusa<\/p>\n<p class=\"western\" lang=\"tr-TR\" align=\"justify\"><b>\u0130mza Koyanlar: <\/b><\/p>\n<p class=\"western\" lang=\"tr-TR\" align=\"justify\">Serdar Atai (\u0130\u015fadam\u0131)<\/p>\n<p class=\"western\" lang=\"tr-TR\" align=\"justify\">Okan Da\u011fl\u0131 (Doktor)<\/p>\n<p class=\"western\" lang=\"tr-TR\" align=\"justify\">Ercan Saymen (Sanat\u00e7\u0131)<\/p>\n<p class=\"western\" lang=\"tr-TR\" align=\"justify\">Rifat Yal\u0131n\u00e7 (M\u00fchendis)<\/p>\n<p class=\"western\" lang=\"tr-TR\" align=\"justify\">Ergin \u0130lkta\u00e7 (Eczac\u0131)<\/p>\n<p class=\"western\" lang=\"tr-TR\" align=\"justify\">Cemal Mert (Doktor)<\/p>\n<p class=\"western\" lang=\"tr-TR\" align=\"justify\">Halil Onba\u015f\u0131 (Avukat)<\/p>\n<p class=\"western\" lang=\"tr-TR\" align=\"justify\">Ersan Da\u011fl\u0131 (Sigortac\u0131)<\/p>\n<p class=\"western\" lang=\"tr-TR\" align=\"justify\">Dervi\u015f Do\u011fan (Gazeteci, Yazar)<\/p>\n<p class=\"western\" lang=\"tr-TR\" align=\"justify\">\u015eenel El\u00e7il (E\u011fitimci Sendikac\u0131)<\/p>\n<p class=\"western\" lang=\"tr-TR\" align=\"justify\">G\u00f6khan Noyan (Mimar, M\u00fcteahhit)<\/p>\n<p class=\"western\" lang=\"tr-TR\" align=\"justify\">Yenal S\u00fcre\u00e7 (Ekonomist, Akademisyen)<\/p>\n<p class=\"western\" lang=\"tr-TR\" align=\"justify\">Hasan \u0130nce (\u0130\u015f adam\u0131)<\/p>\n<p class=\"western\" lang=\"tr-TR\" align=\"justify\">Erg\u00fcn \u00d6k\u00e7\u00fcn (Doktor)<\/p>\n<p class=\"western\" lang=\"tr-TR\" align=\"justify\">Hayati Ya\u015famsal (Resturant \u0130\u015fletmecisi)<\/p>\n<p class=\"western\" lang=\"tr-TR\" align=\"justify\">\u00c7imen Varer (Mimar, Gemi Acentesi Sahibi)<\/p>","protected":false},"excerpt":{"rendered":"<p>Mara\u015f-Ma\u011fusa A\u00e7\u0131l\u0131m Paketi Deklarasyonu Mara\u015f, g\u00f6r\u00fcnt\u00fcs\u00fcyle Hollywood film st\u00fcdyolar\u0131n\u0131n KORKU filmi setlerindeki yerle\u015fimleri and\u0131ran bir \u015fehir. \u201cHayalet \u015eehir\u201d de diyorlar oraya. Esarete yenik d\u00fc\u015fm\u00fc\u015f, \u00fcrk\u00fct\u00fcc\u00fc ve depresif bir atmosfere sahip, sa\u011fl\u0131kl\u0131 bir gelece\u011fe ili\u015fkin umudu yok eden bir yer. \u201cB\u00fct\u00fcnl\u00fckl\u00fc \u00e7\u00f6z\u00fcm\u00fcn par\u00e7as\u0131d\u0131r\u201d diyenler var. Halbuki oras\u0131 ikiye b\u00f6l\u00fcnm\u00fc\u015f kalbimizin ve Ma\u011fusam\u0131z\u0131n bir par\u00e7as\u0131d\u0131r. Sava\u015flara tutsak [&hellip;]<\/p>","protected":false},"author":1,"featured_media":0,"parent":0,"menu_order":0,"comment_status":"closed","ping_status":"closed","template":"","meta":{"footnotes":""},"class_list":["post-1127","page","type-page","status-publish","czr-hentry"],"_links":{"self":[{"href":"https:\/\/magusainsiyatifi.org\/en\/wp-json\/wp\/v2\/pages\/1127","targetHints":{"allow":["GET"]}}],"collection":[{"href":"https:\/\/magusainsiyatifi.org\/en\/wp-json\/wp\/v2\/pages"}],"about":[{"href":"https:\/\/magusainsiyatifi.org\/en\/wp-json\/wp\/v2\/types\/page"}],"author":[{"embeddable":true,"href":"https:\/\/magusainsiyatifi.org\/en\/wp-json\/wp\/v2\/users\/1"}],"replies":[{"embeddable":true,"href":"https:\/\/magusainsiyatifi.org\/en\/wp-json\/wp\/v2\/comments?post=1127"}],"version-history":[{"count":2,"href":"https:\/\/magusainsiyatifi.org\/en\/wp-json\/wp\/v2\/pages\/1127\/revisions"}],"predecessor-version":[{"id":1129,"href":"https:\/\/magusainsiyatifi.org\/en\/wp-json\/wp\/v2\/pages\/1127\/revisions\/1129"}],"wp:attachment":[{"href":"https:\/\/magusainsiyatifi.org\/en\/wp-json\/wp\/v2\/media?parent=1127"}],"curies":[{"name":"wp","href":"https:\/\/api.w.org\/{rel}","templated":true}]}}